{"id":51,"date":"2019-01-15T21:23:17","date_gmt":"2019-01-15T20:23:17","guid":{"rendered":"http:\/\/neu.zeitneuhaus.de\/?page_id=51"},"modified":"2019-08-08T13:27:09","modified_gmt":"2019-08-08T12:27:09","slug":"impressum","status":"publish","type":"page","link":"https:\/\/zeitneuhaus.de\/?page_id=51","title":{"rendered":"Impressum"},"content":{"rendered":"\t\t<div data-elementor-type=\"post\" data-elementor-id=\"51\" class=\"elementor elementor-51\" data-elementor-settings=\"[]\">\n\t\t\t<div class=\"elementor-inner\">\n\t\t\t\t<div class=\"elementor-section-wrap\">\n\t\t\t\t\t\t\t<section class=\"elementor-element elementor-element-40b5bebc elementor-section-boxed elementor-section-height-default elementor-section-height-default elementor-section elementor-top-section\" data-id=\"40b5bebc\" data-element_type=\"section\">\n\t\t\t\t\t\t<div class=\"elementor-container elementor-column-gap-default\">\n\t\t\t\t<div class=\"elementor-row\">\n\t\t\t\t<div class=\"elementor-element elementor-element-3fb93c71 elementor-column elementor-col-100 elementor-top-column\" data-id=\"3fb93c71\" data-element_type=\"column\">\n\t\t\t<div class=\"elementor-column-wrap  elementor-element-populated\">\n\t\t\t\t\t<div class=\"elementor-widget-wrap\">\n\t\t\t\t<div class=\"elementor-element elementor-element-43632821 elementor-widget elementor-widget-text-editor\" data-id=\"43632821\" data-element_type=\"widget\" data-widget_type=\"text-editor.default\">\n\t\t\t\t<div class=\"elementor-widget-container\">\n\t\t\t\t\t<div class=\"elementor-text-editor elementor-clearfix\"><p><!-- wp:table {\"className\":\"is-style-stripes\"} --><\/p>\n<table class=\"wp-block-table is-style-stripes\">\n<tbody>\n<tr>\n<td>\n<p><strong>Zeit- und Datentechnik<\/strong><br \/><strong>J\u00fcrgen\u00a0Neuhaus<\/strong>\u00a0<br \/><strong>Im\u00a0Telgei\u00a053<\/strong><br \/><strong>59174 Kamen \u2013\u00a0Methler<\/strong><\/p>\n<p>E-Mail: ZeitNeuhaus@t-online.de<\/p>\n<p><br \/><strong>Verantwortlicher: J\u00fcrgen Neuhaus<\/strong>\u00a0<br \/><strong>Steuernummer:\u00a032252110355<\/strong><br \/><strong>Gerichtsstand:\u00a0Amtsgericht Kamen<\/strong><\/p>\n<\/td>\n<\/tr>\n<\/tbody>\n<\/table>\n<p><!-- \/wp:table --><\/p>\n<p><!-- wp:verse {\"textAlign\":\"center\"} --><\/p>\n<pre class=\"wp-block-verse\" style=\"text-align: center;\">Sollten Sie auf meiner Internet-Seite Unstimmigkeiten entdecken, <br \/>freue ich mich \u00fcber Ihren Hinweis.<br \/>Rufen Sie mich an oder schicken Sie mir eine E-Mail.<br \/>Copyright \u00a9 2019, J\u00fcrgen Neuhaus<br \/>Die Reproduktion der dargestellten Informationen und Abbildungen<br \/>ist nur mit meiner ausdr\u00fccklichen Genehmigung gestattet.\u00a0<br \/>Inhaltlich Verantwortlicher gem\u00e4\u00df \u00a7 10 Absatz 3 MDStV: J. Neuhaus<\/pre>\n<p>\u00a0<\/p>\n<p>Unser Angebot enth\u00e4lt Links zu externen Webseiten Dritter,<br \/>auf deren Inhalte wir keinen Einfluss haben. Deshalb k\u00f6nnen<br \/>wir f\u00fcr diese fremden Inhalte auch keine Gew\u00e4hr \u00fcbernehmen.<br \/>F\u00fcr die Inhalte der verlinkten Seiten ist stets der jeweilige<br \/>Anbieter oder Betreiber der Seiten verantwortlich.<br \/>Die verlinkten Seiten wurden zum Zeitpunkt der Verlinkung<br \/>auf m\u00f6gliche Rechtsverst\u00f6\u00dfe \u00fcberpr\u00fcft.<br \/>Rechtswidrige Inhalte waren zum Zeitpunkt der Verlinkung nicht <br \/>erkennbar.\u00a0<br \/>Eine permanente inhaltliche Kontrolle der verlinkten Seiten<br \/>ist jedoch ohne konkrete Anhaltspunkte einer Rechtsverletzung nicht <br \/>zumutbar.<br \/>Bei bekannt werden von Rechtsverletzungen werden wir derartige <br \/>Links umgehend entfernen.<br \/>Das unabh\u00e4ngige W3 Consortium entwickelt die Standards f\u00fcr <br \/>korrektes HTML\/XHTML.<br \/>Diesen Standards zu folgen wird dringend empfohlen.<br \/>Nur so ist es m\u00f6glich Web-Seiten zu schreiben die auch von k\u00fcnftigen<br \/>Browser-Generationen korrekt dargestellt werden.<br \/>Diese Seiten sind in XHTML 1.0 und CSS geschrieben und <br \/>nach W3C validiert.<\/p>\n<p><!-- \/wp:verse --><\/p><\/div>\n\t\t\t\t<\/div>\n\t\t\t\t<\/div>\n\t\t\t\t\t\t<\/div>\n\t\t\t<\/div>\n\t\t<\/div>\n\t\t\t\t\t\t<\/div>\n\t\t\t<\/div>\n\t\t<\/section>\n\t\t\t\t\t\t<\/div>\n\t\t\t<\/div>\n\t\t<\/div>\n\t\t","protected":false},"excerpt":{"rendered":"<p>Zeit- und DatentechnikJ\u00fcrgen\u00a0Neuhaus\u00a0Im\u00a0Telgei\u00a05359174 Kamen \u2013\u00a0Methler E-Mail: ZeitNeuhaus@t-online.de Verantwortlicher: J\u00fcrgen Neuhaus\u00a0Steuernummer:\u00a032252110355Gerichtsstand:\u00a0Amtsgericht Kamen Sollten Sie auf meiner Internet-Seite Unstimmigkeiten entdecken, freue ich mich \u00fcber Ihren Hinweis.Rufen Sie mich an oder schicken Sie mir eine E-Mail.Copyright \u00a9 2019, J\u00fcrgen NeuhausDie Reproduktion der dargestellten Informationen und Abbildungenist nur mit meiner ausdr\u00fccklichen Genehmigung gestattet.\u00a0Inhaltlich Verantwortlicher gem\u00e4\u00df \u00a7 10 Absatz 3<\/p>\n<p><a href=\"https:\/\/zeitneuhaus.de\/?page_id=51\" class=\"more-link\">Weiterlesen<\/a><\/p>\n","protected":false},"author":1,"featured_media":0,"parent":0,"menu_order":0,"comment_status":"closed","ping_status":"closed","template":"","meta":[],"_links":{"self":[{"href":"https:\/\/zeitneuhaus.de\/index.php?rest_route=\/wp\/v2\/pages\/51"}],"collection":[{"href":"https:\/\/zeitneuhaus.de\/index.php?rest_route=\/wp\/v2\/pages"}],"about":[{"href":"https:\/\/zeitneuhaus.de\/index.php?rest_route=\/wp\/v2\/types\/page"}],"author":[{"embeddable":true,"href":"https:\/\/zeitneuhaus.de\/index.php?rest_route=\/wp\/v2\/users\/1"}],"replies":[{"embeddable":true,"href":"https:\/\/zeitneuhaus.de\/index.php?rest_route=%2Fwp%2Fv2%2Fcomments&post=51"}],"version-history":[{"count":6,"href":"https:\/\/zeitneuhaus.de\/index.php?rest_route=\/wp\/v2\/pages\/51\/revisions"}],"predecessor-version":[{"id":611,"href":"https:\/\/zeitneuhaus.de\/index.php?rest_route=\/wp\/v2\/pages\/51\/revisions\/611"}],"wp:attachment":[{"href":"https:\/\/zeitneuhaus.de\/index.php?rest_route=%2Fwp%2Fv2%2Fmedia&parent=51"}],"curies":[{"name":"wp","href":"https:\/\/api.w.org\/{rel}","templated":true}]}}